{"id":18,"date":"2024-09-03T17:35:52","date_gmt":"2024-09-03T15:35:52","guid":{"rendered":"https:\/\/rural-green.raris.org\/?page_id=18"},"modified":"2024-12-13T13:45:13","modified_gmt":"2024-12-13T11:45:13","slug":"about-project","status":"publish","type":"page","link":"https:\/\/rural-green.raris.org\/sl\/about-project\/","title":{"rendered":"O projektu"},"content":{"rendered":"<div data-elementor-type=\"wp-page\" data-elementor-id=\"18\" class=\"elementor elementor-18\" data-elementor-post-type=\"page\">\n\t\t\t\t<div class=\"elementor-element elementor-element-45dd0fb e-flex e-con-boxed e-con e-parent\" data-id=\"45dd0fb\" data-element_type=\"container\">\n\t\t\t\t\t<div class=\"e-con-inner\">\n\t\t\t\t<div class=\"elementor-element elementor-element-d32d500 elementor-widget elementor-widget-heading\" data-id=\"d32d500\" data-element_type=\"widget\" data-widget_type=\"heading.default\">\n\t\t\t\t<div class=\"elementor-widget-container\">\n\t\t\t\t\t<h2 class=\"elementor-heading-title elementor-size-default\">O projektu<\/h2>\t\t\t\t<\/div>\n\t\t\t\t<\/div>\n\t\t\t\t<div class=\"elementor-element elementor-element-8caf0d2 elementor-widget elementor-widget-text-editor\" data-id=\"8caf0d2\" data-element_type=\"widget\" data-widget_type=\"text-editor.default\">\n\t\t\t\t<div class=\"elementor-widget-container\">\n\t\t\t\t\t\t\t\t\t<p>Kro\u017eno gospodarstvo je sistem, ki \u017eeli uskladiti gospodarsko rast z varstvom okolja glede na omejene vire. Je sklenjen krog, v katerem skoraj ni\u010d ni odpadek. Zato velja, da je kro\u017eno gospodarstvo nasprotje dana\u0161njemu linearnemu sistemu, ki deluje po modelu \"vzemi, uporabi, zavrzi\".<\/p><p>Projekt \"Vklju\u010devanje pode\u017eelskih skupnosti za prina\u0161anje zelenih re\u0161itev\" (RURAL GREEN) temelji na vse ve\u010djem zanimanju civilne dru\u017ebe in zdru\u017eenj za razpravo o podnebnih in zelenih vpra\u0161anjih ter predlaganje re\u0161itev za odlo\u010devalce.<\/p><p>Splo\u0161ni cilj projekta je pove\u010dati stopnjo sodelovanja pode\u017eelskega prebivalstva pri procesu oblikovanja politik in ustvariti mo\u010dnej\u0161i pristop od spodaj navzgor ter bolj vklju\u010dujo\u010d proces oblikovanja politik za zeleno gospodarstvo pode\u017eelja ter hitrej\u0161i prehod na kro\u017eno gospodarstvo.\u00a0<\/p><p>S tak\u0161nim pristopom \u017eelimo s projektom zmanj\u0161ati negativni vpliv poslovanja na podnebje in okolje ter pove\u010dati ozave\u0161\u010denost o zelenem poslovanju in koristih uvedbe kro\u017enega gospodarstva na pode\u017eelju.<\/p><p>Poleg tega bo projekt prinesel razpravo o politikah Evropske unije in raznolikosti vklju\u010denih dr\u017eav skozi izmenjavo znanja.<\/p><p>Glavne ciljne skupine projekta so:<\/p><p>-\t\u017eenske, ki \u017eivijo na pode\u017eelju,<\/p><p>-\tlokalni odlo\u010devalci,<\/p><p>-\tdrugo pode\u017eelsko prebivalstvo.<\/p><p>Posebna cilja projekta sta:<\/p><ol><li>-\tpove\u010dati ozave\u0161\u010denost o zelenih politikah EU, zelenem gospodarstvu pode\u017eelja in uvajanju kro\u017enega gospodarstva na pode\u017eelju,<\/li><li>-\tustvariti nadnacionalni okvir za bolj vklju\u010dujo\u010d proces oblikovanja politik za zeleno gospodarstvo pode\u017eelja ter hitrej\u0161i prehod na kro\u017eno gospodarstvo.<\/li><\/ol><p>S predstavitvijo konkretnih primerov, kako se politika Evropske unije in sofinancirane akcije osredoto\u010dajo na koristi lokalnih skupnosti, projekt neposredno prispeva k izbolj\u0161anju razumevanja pode\u017eelskega prebivalstva o konkretnih re\u0161itvah za izbolj\u0161anje lokalnih pogojev za gospodarski razvoj, ki temeljijo na trajnostnih na\u010delih in kro\u017enem gospodarstvu.<\/p><p>Udele\u017eenci projekta bodo tako pridobili natan\u010dne informacije in konkretne primere, ki bodo pokazali, kako deluje Evropska unija, projekt bo torej prispeval k bolj\u0161em razumevanju prednosti in izzivov integracije v Evropsko unijo ter njen vpliv na okolje.<\/p><p><strong>Rezultati:<\/strong><\/p><ol><li><strong>-\tUvodna konferenca v Srbiji.<\/strong>Predviden datum dogodka je 18.-20.04.2024.<\/li><\/ol><p>Projektni partnerji in upravi\u010denci se bodo zbrali z namenom razprave in predstavitve dose\u017ekov v zeleni ekonomiji.<\/p><ol start=\"2\"><li><strong>-\tMaraton kreativnosti v Bolgariji. <\/strong>Predviden datum dogodka je 19.-21.09.2024. Dogodek bo potekal v angle\u0161\u010dini.<\/li><\/ol><p>Maraton kreativnosti bo zbral projektne partnerje in upravi\u010dence z namenom prototipiranja in sooblikovanja inovativnih evropskih modelov za ohranjanje okolja in poslovnih modelov \u2013 prilo\u017enosti in ovire za \u017eenske na pode\u017eelju.<\/p><ol start=\"3\"><li><strong> -\tWorld Cafe na Hrva\u0161kem.<\/strong> Predviden datum dogodka je 20.-22.02.2025.<\/li><\/ol><p>V okviru dogodka se bodo projektni partnerji in upravi\u010denci zbrali z namenom preu\u010ditve vloge lokalnih oblasti v kro\u017enem gospodarstvu.<\/p><ol start=\"4\"><li><strong> -\tWorld Cafe v Sloveniji.<\/strong>Predviden datum dogodka je 12.-14.06.2025<\/li><\/ol><p>Namen dogodka je, da se projektni partnerji in upravi\u010denci osredoto\u010dijo na trenutne politike EU in poslovne prakse, ter omogo\u010dijo udele\u017eencem, da razumejo ukrepe, ki bi jih lahko sprejeli za spodbujanje digitalizacije, razumevanje koristi digitalizacije in okrepitev zanimanja za kro\u017eno gospodarstvo.<\/p><ol start=\"5\"><li><strong> -\tWorld Cafe v Bosni in Hercegovini.<\/strong> Predviden datum dogodka je 18.-20.09.2025.<\/li><\/ol><p>World Cafe s predstavitvijo projektnih partnerjev in upravi\u010dencev, ki bodo razpravljali o praksah in mo\u017enostih za kro\u017eno gospodarstvo v turisti\u010dni industriji ter aktivnostih za prepre\u010devanje onesna\u017eevanja okolja s strani podjetij v turizmu.<\/p><ol start=\"6\"><li><strong> -\tLokalni dogodki.<\/strong> Po vsakem mednarodnem dogodku bodo partnerji organizirali enodnevno delavnico z namenom opredelitve problematik in predlagali re\u0161itve za razvoj zelenega gospodarstva pode\u017eelja in hitrej\u0161i prehod na kro\u017eno gospodarstvo glede na lokalne potrebe. Na vsakem lokalnem dogodku bo opredeljena ena politi\u010dna predloga, o kateri bo potekala razprava. Poleg tega bo delavnica omogo\u010dila izmenjavo rezultatov in izku\u0161enj mednarodnih partnerjev ter nadaljnjo razpravo o vpra\u0161anjih, odprtih med mednarodnimi dogodki. Na lokalnih dogodkih bodo glavni udele\u017eenci lokalni dele\u017eniki in pode\u017eelsko prebivalstvo s podporo nekaterih strokovnjakov iz sosednjih dr\u017eav.<\/li><li><strong> -\tKon\u010dna konferenca.<\/strong> Spletna konferenca z namenom poudarjanja dose\u017eenih rezultatov projekta, \u0161irjenje besede o modelu zelenega in kro\u017enega gospodarstva ter nadaljnjo predstavitev politi\u010dnih dokumentov, ustvarjenih v okviru projekta, ki se ukvarjajo s sodelovanjem dr\u017eavljanov, zlasti \u017eensk iz pode\u017eelskih obmo\u010dij, pri oblikovanju politik.<\/li><\/ol><p>Trajanje projekta: 24 mesecev<\/p><p>Prora\u010dun: \u20ac116.130,00 \u20ac, sofinancira Evropska unijaProra\u010dun: 116.130,00 \u20ac, sofinancirano s strani EU<\/p><p>5 dr\u017eav (Srbija, Bosna in Hercegovina, Bolgarija, Hrva\u0161ka, Slovenija)<\/p><p>5 partnerjev:<\/p><ul><li>RARIS-REGIONALNA AGENCIJA ZA RAZVOJ ISTO\u010cNE SRBIJE, ZAJE\u010cAR<\/li><li>CENTAR ZA EKONOMSKI I RURALNI RAZVOJ<\/li><li>VIDINSKA GOSPODARSKA ZBORNICA<\/li><li>CENTER KOMPETENCIJ ZA NAPREDNO IN\u017dENIRSTVO, NOVA GRADI\u0160KA<\/li><li>RAZVOJNA AGENCIJA SAVINJSKO-\u0160ALE\u0160KE REGIJE<\/li><\/ul>\t\t\t\t\t\t\t\t<\/div>\n\t\t\t\t<\/div>\n\t\t\t\t\t<\/div>\n\t\t\t\t<\/div>\n\t\t\t\t<\/div>","protected":false},"excerpt":{"rendered":"<p>The circular economy is a system that wants to reconcile economic growth with environmental protection, given the limited resources. This closes the circle in which almost nothing is waste. That is why it is said that the circular economy is the opposite of today&#8217;s, linear system that functions according to the &#8220;take it, use it, [&hellip;]<\/p>","protected":false},"author":1,"featured_media":0,"parent":0,"menu_order":0,"comment_status":"closed","ping_status":"closed","template":"","meta":{"footnotes":""},"class_list":["post-18","page","type-page","status-publish","hentry"],"_links":{"self":[{"href":"https:\/\/rural-green.raris.org\/sl\/wp-json\/wp\/v2\/pages\/18","targetHints":{"allow":["GET"]}}],"collection":[{"href":"https:\/\/rural-green.raris.org\/sl\/wp-json\/wp\/v2\/pages"}],"about":[{"href":"https:\/\/rural-green.raris.org\/sl\/wp-json\/wp\/v2\/types\/page"}],"author":[{"embeddable":true,"href":"https:\/\/rural-green.raris.org\/sl\/wp-json\/wp\/v2\/users\/1"}],"replies":[{"embeddable":true,"href":"https:\/\/rural-green.raris.org\/sl\/wp-json\/wp\/v2\/comments?post=18"}],"version-history":[{"count":19,"href":"https:\/\/rural-green.raris.org\/sl\/wp-json\/wp\/v2\/pages\/18\/revisions"}],"predecessor-version":[{"id":386,"href":"https:\/\/rural-green.raris.org\/sl\/wp-json\/wp\/v2\/pages\/18\/revisions\/386"}],"wp:attachment":[{"href":"https:\/\/rural-green.raris.org\/sl\/wp-json\/wp\/v2\/media?parent=18"}],"curies":[{"name":"wp","href":"https:\/\/api.w.org\/{rel}","templated":true}]}}