{"id":13,"date":"2024-09-03T17:35:08","date_gmt":"2024-09-03T15:35:08","guid":{"rendered":"https:\/\/rural-green.raris.org\/?page_id=13"},"modified":"2025-12-15T12:40:57","modified_gmt":"2025-12-15T10:40:57","slug":"home-page","status":"publish","type":"page","link":"https:\/\/rural-green.raris.org\/sr\/","title":{"rendered":"Naslovna"},"content":{"rendered":"<div data-elementor-type=\"wp-page\" data-elementor-id=\"13\" class=\"elementor elementor-13\" data-elementor-post-type=\"page\">\n\t\t\t\t<div class=\"elementor-element elementor-element-f45897e e-flex e-con-boxed e-con e-parent\" data-id=\"f45897e\" data-element_type=\"container\" data-settings=\"{&quot;background_background&quot;:&quot;classic&quot;}\">\n\t\t\t\t\t<div class=\"e-con-inner\">\n\t\t\t\t<div class=\"elementor-element elementor-element-412eec5 elementor-widget elementor-widget-heading\" data-id=\"412eec5\" data-element_type=\"widget\" data-widget_type=\"heading.default\">\n\t\t\t\t<div class=\"elementor-widget-container\">\n\t\t\t\t\t<h2 class=\"elementor-heading-title elementor-size-default\">Ruralno Zeleno<\/h2>\t\t\t\t<\/div>\n\t\t\t\t<\/div>\n\t\t\t\t<div class=\"elementor-element elementor-element-ca56e56 elementor-widget elementor-widget-heading\" data-id=\"ca56e56\" data-element_type=\"widget\" data-widget_type=\"heading.default\">\n\t\t\t\t<div class=\"elementor-widget-container\">\n\t\t\t\t\t<h1 class=\"elementor-heading-title elementor-size-default\">\u201cANGA\u017dOVANJE RURALNIH ZAJEDNICA DONOSI ZELENA RE\u0160ENJA\u201d<\/h1>\t\t\t\t<\/div>\n\t\t\t\t<\/div>\n\t\t\t\t\t<\/div>\n\t\t\t\t<\/div>\n\t\t<div class=\"elementor-element elementor-element-c616c4a e-flex e-con-boxed e-con e-parent\" data-id=\"c616c4a\" data-element_type=\"container\">\n\t\t\t\t\t<div class=\"e-con-inner\">\n\t\t<div class=\"elementor-element elementor-element-874ce0d e-con-full e-flex e-con e-child\" data-id=\"874ce0d\" data-element_type=\"container\">\n\t\t\t\t<div class=\"elementor-element elementor-element-1d32627 elementor-widget elementor-widget-text-editor\" data-id=\"1d32627\" data-element_type=\"widget\" data-widget_type=\"text-editor.default\">\n\t\t\t\t<div class=\"elementor-widget-container\">\n\t\t\t\t\t\t\t\t\t<p>Cirkularna ekonomija predstavlja priliku za ruralne regione da prevazi\u0111u izazove preokretanja pada biodiverziteta i ubla\u017eavanja klimatskih promena, dok istovremeno proizvode dovoljno hrane. Obezbe\u0111ivanjem novih radnih mesta i prihoda u ruralnim oblastima, mo\u017ee se pospe\u0161iti ekonomski razvoj.<\/p><p>Procena potreba sprovedena tokom pripreme projekta jasno je pokazala da cirkularna ekonomija jo\u0161 uvek nije uklju\u010dena u lokalne politike i prakse. Seosko stanovni\u0161tvo (posebno \u017eene) ne u\u010destvuje u procesu kreiranja politike za ozelenjivanje ruralne ekonomije.<\/p><p>Zbog toga je projekat uglavnom fokusiran na ruralno stanovni\u0161tvo (uglavnom \u017eene) u pet isto\u010dnoevropskih zemalja. Cilj projekta je podsticanje u\u010de\u0161\u0107a ruralnog stanovni\u0161tva i stvaranje sna\u017enijeg pristupa odozdo prema gore i inkluzivnijeg procesa kreiranja politike za ozelenjivanje ruralne ekonomije<\/p><p>Projekat \u0107e okupiti najmanje 420 u\u010desnika iz 5 zemalja. Oni \u0107e imati jedinstvenu priliku da razmene iskustva o tome kako stvoriti zeleniju Uniju fokusiraju\u0107i se na u\u010de\u0161\u0107e gra\u0111ana u novim razvojnim inicijativama i uvo\u0111enjem novog poslovnog modela, kao i ozelenjivanjem ruralne ekonomije.<\/p>\t\t\t\t\t\t\t\t<\/div>\n\t\t\t\t<\/div>\n\t\t\t\t<\/div>\n\t\t<div class=\"elementor-element elementor-element-6ecba65 e-con-full e-flex e-con e-child\" data-id=\"6ecba65\" data-element_type=\"container\">\n\t\t\t\t<div class=\"elementor-element elementor-element-03c8d85 elementor-widget elementor-widget-text-editor\" data-id=\"03c8d85\" data-element_type=\"widget\" data-widget_type=\"text-editor.default\">\n\t\t\t\t<div class=\"elementor-widget-container\">\n\t\t\t\t\t\t\t\t\t<p>Glavne aktivnosti projekta su:<\/p><ul><li>Pet me\u0111unarodnih doga\u0111aja na licu mesta i jedan onlajn doga\u0111aj koji podsti\u010de inkluzivni proces kreiranja politike u ozelenjivanju ruralne ekonomije<\/li><li>Pet participativnih lokalnih doga\u0111aja za stvaranje ja\u010deg pristupa odozda prema gore i za podr\u0161ku br\u017eem prelasku na cirkularnu ekonomiju na lokalnom nivou<\/li><li>Diseminacija rezultata projekta<\/li><\/ul><p>Predvi\u0111eni rezultati projekta:<\/p><ul><li>Podizanje svesti seoskog stanovni\u0161tva o zelenim politikama EU, ozelenjivanju ruralne ekonomije i uvo\u0111enju cirkularne ekonomije u ruralna podru\u010dja<\/li><li>Kreiranje e-knjige koja \u0107e dati kratak rezime debata sprovedenih na lokalnom nivou i tokom me\u0111unarodnih doga\u0111aja i predstaviti dokumente o politici i druge rezultate dobijene otkom projekta<\/li><li>Formiranje radne grupe za uvo\u0111enje cirkularne ekonomije u ruralna podru\u010dja koja \u0107e omogu\u0107iti dalji dijalog i saradnju nakon zavr\u0161etka projekta.<\/li><\/ul>\t\t\t\t\t\t\t\t<\/div>\n\t\t\t\t<\/div>\n\t\t\t\t<\/div>\n\t\t\t\t\t<\/div>\n\t\t\t\t<\/div>\n\t\t<div class=\"elementor-element elementor-element-d46ef0e e-flex e-con-boxed e-con e-parent\" data-id=\"d46ef0e\" data-element_type=\"container\">\n\t\t\t\t\t<div class=\"e-con-inner\">\n\t\t\t\t<div class=\"elementor-element elementor-element-f9e3f73 elementor-widget elementor-widget-heading\" data-id=\"f9e3f73\" data-element_type=\"widget\" data-widget_type=\"heading.default\">\n\t\t\t\t<div class=\"elementor-widget-container\">\n\t\t\t\t\t<h2 class=\"elementor-heading-title elementor-size-default\">E-BOOK<\/h2>\t\t\t\t<\/div>\n\t\t\t\t<\/div>\n\t\t\t\t<div class=\"elementor-element elementor-element-305eda8 elementor-widget elementor-widget-text-editor\" data-id=\"305eda8\" data-element_type=\"widget\" data-widget_type=\"text-editor.default\">\n\t\t\t\t<div class=\"elementor-widget-container\">\n\t\t\t\t\t\t\t\t\t<h1><a name=\"_Toc216099463\"><\/a>Level Up Your Rural Sustainability Game!<\/h1><p>Dive into the &#8220;Rural Green Project&#8221; e-Book &amp; discover actionable strategies to boost circular economies in rural Europe!<\/p><p>We&#8217;re talking real change: from empowering local communities &amp; women, to turning waste into resources!<\/p><p>Inside, you&#8217;ll find:<\/p><ul><li>Project summary<\/li><li>Highlights from 5 International Events<\/li><li>Impactful Local Event summaries<\/li><li>10 Inspiring Best Practices (2 per country!)<\/li><li>Key insights from 5 Policy Papers<\/li><\/ul><p>\u00a0<\/p><p>Ready to build greener, more resilient rural regions? Let&#8217;s go! Download your copy of e-book for free!<\/p>\t\t\t\t\t\t\t\t<\/div>\n\t\t\t\t<\/div>\n\t\t\t\t<div class=\"elementor-element elementor-element-6bcf268 elementor-widget elementor-widget-image\" data-id=\"6bcf268\" data-element_type=\"widget\" data-widget_type=\"image.default\">\n\t\t\t\t<div class=\"elementor-widget-container\">\n\t\t\t\t\t\t\t\t\t\t\t\t\t\t\t\t<a href=\"https:\/\/rural-green.raris.org\/wp-content\/uploads\/2025\/12\/Ebook-Rural-Green.pdf\" target=\"_blank\">\n\t\t\t\t\t\t\t<img decoding=\"async\" width=\"300\" height=\"64\" src=\"https:\/\/rural-green.raris.org\/wp-content\/uploads\/2025\/12\/ebook-1.png\" class=\"attachment-large size-large wp-image-788\" alt=\"\" srcset=\"https:\/\/rural-green.raris.org\/wp-content\/uploads\/2025\/12\/ebook-1.png 300w, https:\/\/rural-green.raris.org\/wp-content\/uploads\/2025\/12\/ebook-1-18x4.png 18w\" sizes=\"(max-width: 300px) 100vw, 300px\" \/>\t\t\t\t\t\t\t\t<\/a>\n\t\t\t\t\t\t\t\t\t\t\t\t\t\t\t<\/div>\n\t\t\t\t<\/div>\n\t\t\t\t\t<\/div>\n\t\t\t\t<\/div>\n\t\t<div class=\"elementor-element elementor-element-8e4fb67 e-flex e-con-boxed e-con e-parent\" data-id=\"8e4fb67\" data-element_type=\"container\">\n\t\t\t\t\t<div class=\"e-con-inner\">\n\t\t\t\t\t<\/div>\n\t\t\t\t<\/div>\n\t\t<div class=\"elementor-element elementor-element-fc65190 e-flex e-con-boxed e-con e-parent\" data-id=\"fc65190\" data-element_type=\"container\">\n\t\t\t\t\t<div class=\"e-con-inner\">\n\t\t<div class=\"elementor-element elementor-element-c6faf82 e-con-full e-flex e-con e-child\" data-id=\"c6faf82\" data-element_type=\"container\">\n\t\t\t\t<\/div>\n\t\t<div class=\"elementor-element elementor-element-f5335d9 e-con-full e-flex e-con e-child\" data-id=\"f5335d9\" data-element_type=\"container\">\n\t\t\t\t<div class=\"elementor-element elementor-element-f760a5c elementor-widget elementor-widget-image\" data-id=\"f760a5c\" data-element_type=\"widget\" data-widget_type=\"image.default\">\n\t\t\t\t<div class=\"elementor-widget-container\">\n\t\t\t\t\t\t\t\t\t\t\t\t\t\t\t<img decoding=\"async\" width=\"300\" height=\"64\" src=\"https:\/\/rural-green.raris.org\/wp-content\/uploads\/2024\/12\/srb-slo-cro-1.png\" class=\"attachment-medium size-medium wp-image-392\" alt=\"\" srcset=\"https:\/\/rural-green.raris.org\/wp-content\/uploads\/2024\/12\/srb-slo-cro-1.png 1260w, https:\/\/rural-green.raris.org\/wp-content\/uploads\/2024\/12\/srb-slo-cro-1-300x64.png 300w, https:\/\/rural-green.raris.org\/wp-content\/uploads\/2024\/12\/srb-slo-cro-1-1024x218.png 1024w, https:\/\/rural-green.raris.org\/wp-content\/uploads\/2024\/12\/srb-slo-cro-1-768x163.png 768w, https:\/\/rural-green.raris.org\/wp-content\/uploads\/2024\/12\/srb-slo-cro-1-18x4.png 18w\" sizes=\"(max-width: 300px) 100vw, 300px\" \/>\t\t\t\t\t\t\t\t\t\t\t\t\t\t\t<\/div>\n\t\t\t\t<\/div>\n\t\t\t\t<\/div>\n\t\t<div class=\"elementor-element elementor-element-b79d310 e-con-full e-flex e-con e-child\" data-id=\"b79d310\" data-element_type=\"container\">\n\t\t\t\t<\/div>\n\t\t\t\t<div class=\"elementor-element elementor-element-ce3f2b3 elementor-widget__width-initial elementor-widget elementor-widget-image\" data-id=\"ce3f2b3\" data-element_type=\"widget\" data-widget_type=\"image.default\">\n\t\t\t\t<div class=\"elementor-widget-container\">\n\t\t\t\t\t\t\t\t\t\t\t\t\t\t\t\t<a href=\"https:\/\/rural-green.raris.org\/wp-content\/uploads\/2024\/12\/EDS_WP1.pdf\">\n\t\t\t\t\t\t\t<img decoding=\"async\" width=\"150\" height=\"150\" src=\"https:\/\/rural-green.raris.org\/wp-content\/uploads\/2024\/12\/wp1-150x150.png\" class=\"attachment-thumbnail size-thumbnail wp-image-399\" alt=\"\" \/>\t\t\t\t\t\t\t\t<\/a>\n\t\t\t\t\t\t\t\t\t\t\t\t\t\t\t<\/div>\n\t\t\t\t<\/div>\n\t\t\t\t<div class=\"elementor-element elementor-element-8ada6c3 elementor-widget__width-initial elementor-widget elementor-widget-image\" data-id=\"8ada6c3\" data-element_type=\"widget\" data-widget_type=\"image.default\">\n\t\t\t\t<div class=\"elementor-widget-container\">\n\t\t\t\t\t\t\t\t\t\t\t\t\t\t\t\t<a href=\"https:\/\/rural-green.raris.org\/wp-content\/uploads\/2024\/12\/EDS_WP2.pdf\">\n\t\t\t\t\t\t\t<img loading=\"lazy\" decoding=\"async\" width=\"150\" height=\"150\" src=\"https:\/\/rural-green.raris.org\/wp-content\/uploads\/2024\/12\/wp2-150x150.png\" class=\"attachment-thumbnail size-thumbnail wp-image-406\" alt=\"\" \/>\t\t\t\t\t\t\t\t<\/a>\n\t\t\t\t\t\t\t\t\t\t\t\t\t\t\t<\/div>\n\t\t\t\t<\/div>\n\t\t\t\t<div class=\"elementor-element elementor-element-630355e elementor-widget__width-initial elementor-widget elementor-widget-image\" data-id=\"630355e\" data-element_type=\"widget\" data-widget_type=\"image.default\">\n\t\t\t\t<div class=\"elementor-widget-container\">\n\t\t\t\t\t\t\t\t\t\t\t\t\t\t\t\t<a href=\"https:\/\/rural-green.raris.org\/wp-content\/uploads\/2025\/03\/EDS_WP3.pdf\">\n\t\t\t\t\t\t\t<img loading=\"lazy\" decoding=\"async\" width=\"150\" height=\"150\" src=\"https:\/\/rural-green.raris.org\/wp-content\/uploads\/2025\/03\/WP3.png\" class=\"attachment-large size-large wp-image-440\" alt=\"\" srcset=\"https:\/\/rural-green.raris.org\/wp-content\/uploads\/2025\/03\/WP3.png 150w, https:\/\/rural-green.raris.org\/wp-content\/uploads\/2025\/03\/WP3-12x12.png 12w\" sizes=\"(max-width: 150px) 100vw, 150px\" \/>\t\t\t\t\t\t\t\t<\/a>\n\t\t\t\t\t\t\t\t\t\t\t\t\t\t\t<\/div>\n\t\t\t\t<\/div>\n\t\t\t\t<div class=\"elementor-element elementor-element-4d06fb6 elementor-widget__width-initial elementor-widget elementor-widget-image\" data-id=\"4d06fb6\" data-element_type=\"widget\" data-widget_type=\"image.default\">\n\t\t\t\t<div class=\"elementor-widget-container\">\n\t\t\t\t\t\t\t\t\t\t\t\t\t\t\t\t<a href=\"https:\/\/rural-green.raris.org\/wp-content\/uploads\/2025\/06\/EDS_WP4.pdf\">\n\t\t\t\t\t\t\t<img loading=\"lazy\" decoding=\"async\" width=\"150\" height=\"150\" src=\"https:\/\/rural-green.raris.org\/wp-content\/uploads\/2025\/06\/wp4.png\" class=\"attachment-large size-large wp-image-478\" alt=\"\" srcset=\"https:\/\/rural-green.raris.org\/wp-content\/uploads\/2025\/06\/wp4.png 150w, https:\/\/rural-green.raris.org\/wp-content\/uploads\/2025\/06\/wp4-12x12.png 12w\" sizes=\"(max-width: 150px) 100vw, 150px\" \/>\t\t\t\t\t\t\t\t<\/a>\n\t\t\t\t\t\t\t\t\t\t\t\t\t\t\t<\/div>\n\t\t\t\t<\/div>\n\t\t\t\t<div class=\"elementor-element elementor-element-b48a1e4 elementor-widget elementor-widget-image\" data-id=\"b48a1e4\" data-element_type=\"widget\" data-widget_type=\"image.default\">\n\t\t\t\t<div class=\"elementor-widget-container\">\n\t\t\t\t\t\t\t\t\t\t\t\t\t\t\t\t<a href=\"https:\/\/rural-green.raris.org\/wp-content\/uploads\/2025\/10\/EDS_WP5.pdf\">\n\t\t\t\t\t\t\t<img loading=\"lazy\" decoding=\"async\" width=\"150\" height=\"150\" src=\"https:\/\/rural-green.raris.org\/wp-content\/uploads\/2025\/10\/wp5.png\" class=\"attachment-large size-large wp-image-746\" alt=\"\" srcset=\"https:\/\/rural-green.raris.org\/wp-content\/uploads\/2025\/10\/wp5.png 150w, https:\/\/rural-green.raris.org\/wp-content\/uploads\/2025\/10\/wp5-12x12.png 12w\" sizes=\"(max-width: 150px) 100vw, 150px\" \/>\t\t\t\t\t\t\t\t<\/a>\n\t\t\t\t\t\t\t\t\t\t\t\t\t\t\t<\/div>\n\t\t\t\t<\/div>\n\t\t\t\t<div class=\"elementor-element elementor-element-20fee7c elementor-widget elementor-widget-image\" data-id=\"20fee7c\" data-element_type=\"widget\" data-widget_type=\"image.default\">\n\t\t\t\t<div class=\"elementor-widget-container\">\n\t\t\t\t\t\t\t\t\t\t\t\t\t\t\t\t<a href=\"https:\/\/rural-green.raris.org\/wp-content\/uploads\/2025\/12\/EDS_WP6.pdf\">\n\t\t\t\t\t\t\t<img loading=\"lazy\" decoding=\"async\" width=\"150\" height=\"150\" src=\"https:\/\/rural-green.raris.org\/wp-content\/uploads\/2025\/11\/wp6.png\" class=\"attachment-large size-large wp-image-758\" alt=\"\" srcset=\"https:\/\/rural-green.raris.org\/wp-content\/uploads\/2025\/11\/wp6.png 150w, https:\/\/rural-green.raris.org\/wp-content\/uploads\/2025\/11\/wp6-12x12.png 12w\" sizes=\"(max-width: 150px) 100vw, 150px\" \/>\t\t\t\t\t\t\t\t<\/a>\n\t\t\t\t\t\t\t\t\t\t\t\t\t\t\t<\/div>\n\t\t\t\t<\/div>\n\t\t\t\t<div class=\"elementor-element elementor-element-5efef37 elementor-widget elementor-widget-image\" data-id=\"5efef37\" data-element_type=\"widget\" data-widget_type=\"image.default\">\n\t\t\t\t<div class=\"elementor-widget-container\">\n\t\t\t\t\t\t\t\t\t\t\t\t\t\t\t\t<a href=\"https:\/\/rural-green.raris.org\/wp-content\/uploads\/2025\/11\/EDS_WP7.pdf\">\n\t\t\t\t\t\t\t<img loading=\"lazy\" decoding=\"async\" width=\"150\" height=\"150\" src=\"https:\/\/rural-green.raris.org\/wp-content\/uploads\/2025\/11\/wp7.png\" class=\"attachment-large size-large wp-image-753\" alt=\"\" srcset=\"https:\/\/rural-green.raris.org\/wp-content\/uploads\/2025\/11\/wp7.png 150w, https:\/\/rural-green.raris.org\/wp-content\/uploads\/2025\/11\/wp7-12x12.png 12w\" sizes=\"(max-width: 150px) 100vw, 150px\" \/>\t\t\t\t\t\t\t\t<\/a>\n\t\t\t\t\t\t\t\t\t\t\t\t\t\t\t<\/div>\n\t\t\t\t<\/div>\n\t\t\t\t\t<\/div>\n\t\t\t\t<\/div>\n\t\t<div class=\"elementor-element elementor-element-ea61447 e-flex e-con-boxed e-con e-parent\" data-id=\"ea61447\" data-element_type=\"container\" data-settings=\"{&quot;background_background&quot;:&quot;classic&quot;}\">\n\t\t\t\t\t<div class=\"e-con-inner\">\n\t\t<div class=\"elementor-element elementor-element-e778486 e-flex e-con-boxed e-con e-child\" data-id=\"e778486\" data-element_type=\"container\">\n\t\t\t\t\t<div class=\"e-con-inner\">\n\t\t<div class=\"elementor-element elementor-element-f227c54 e-con-full e-flex e-con e-child\" data-id=\"f227c54\" data-element_type=\"container\">\n\t\t\t\t<div class=\"elementor-element elementor-element-7af341a elementor-widget elementor-widget-heading\" data-id=\"7af341a\" data-element_type=\"widget\" data-widget_type=\"heading.default\">\n\t\t\t\t<div class=\"elementor-widget-container\">\n\t\t\t\t\t<h2 class=\"elementor-heading-title elementor-size-default\">Pregled projekta<\/h2>\t\t\t\t<\/div>\n\t\t\t\t<\/div>\n\t\t\t\t<\/div>\n\t\t<div class=\"elementor-element elementor-element-c864575 e-con-full e-flex e-con e-child\" data-id=\"c864575\" data-element_type=\"container\">\n\t\t\t\t<div class=\"elementor-element elementor-element-f4e0064 elementor-widget elementor-widget-heading\" data-id=\"f4e0064\" data-element_type=\"widget\" data-widget_type=\"heading.default\">\n\t\t\t\t<div class=\"elementor-widget-container\">\n\t\t\t\t\t<h2 class=\"elementor-heading-title elementor-size-default\">Prona\u0111ite projekat na dru\u0161tvenim mre\u017eama <\/h2>\t\t\t\t<\/div>\n\t\t\t\t<\/div>\n\t\t\t\t<\/div>\n\t\t\t\t\t<\/div>\n\t\t\t\t<\/div>\n\t\t<div class=\"elementor-element elementor-element-598a99a e-con-full e-flex e-con e-child\" data-id=\"598a99a\" data-element_type=\"container\">\n\t\t<div class=\"elementor-element elementor-element-7ef2fb0 e-con-full e-flex e-con e-child\" data-id=\"7ef2fb0\" data-element_type=\"container\">\n\t\t\t\t<div class=\"elementor-element elementor-element-90c70f7 elementor-widget elementor-widget-text-editor\" data-id=\"90c70f7\" data-element_type=\"widget\" data-widget_type=\"text-editor.default\">\n\t\t\t\t<div class=\"elementor-widget-container\">\n\t\t\t\t\t\t\t\t\t<p>Datum po\u010detka: 01 Januara 2024<\/p><p>Status: U toku<\/p><p>Kraj projekta: 31 Decembar 2025<\/p><p>Bud\u017eet: 116.130 \u20ac sufinansirano od strane EU<\/p><p>5 zemalja<\/p><p>5 partnera<\/p>\t\t\t\t\t\t\t\t<\/div>\n\t\t\t\t<\/div>\n\t\t\t\t<\/div>\n\t\t<div class=\"elementor-element elementor-element-39a6503 e-con-full e-flex e-con e-child\" data-id=\"39a6503\" data-element_type=\"container\">\n\t\t\t\t<div class=\"elementor-element elementor-element-8e6e085 elementor-shape-rounded elementor-grid-0 e-grid-align-center elementor-widget elementor-widget-social-icons\" data-id=\"8e6e085\" data-element_type=\"widget\" data-widget_type=\"social-icons.default\">\n\t\t\t\t<div class=\"elementor-widget-container\">\n\t\t\t\t\t\t\t<div class=\"elementor-social-icons-wrapper elementor-grid\" role=\"list\">\n\t\t\t\t\t\t\t<span class=\"elementor-grid-item\" role=\"listitem\">\n\t\t\t\t\t<a class=\"elementor-icon elementor-social-icon elementor-social-icon-facebook elementor-animation-pop elementor-repeater-item-fa37bf4\" href=\"https:\/\/www.facebook.com\/ruralgreenproject\/\" target=\"_blank\">\n\t\t\t\t\t\t<span class=\"elementor-screen-only\">Facebook<\/span>\n\t\t\t\t\t\t<svg aria-hidden=\"true\" class=\"e-font-icon-svg e-fab-facebook\" viewbox=\"0 0 512 512\" xmlns=\"http:\/\/www.w3.org\/2000\/svg\"><path d=\"M504 256C504 119 393 8 256 8S8 119 8 256c0 123.78 90.69 226.38 209.25 245V327.69h-63V256h63v-54.64c0-62.15 37-96.48 93.67-96.48 27.14 0 55.52 4.84 55.52 4.84v61h-31.28c-30.8 0-40.41 19.12-40.41 38.73V256h68.78l-11 71.69h-57.78V501C413.31 482.38 504 379.78 504 256z\"><\/path><\/svg>\t\t\t\t\t<\/a>\n\t\t\t\t<\/span>\n\t\t\t\t\t\t\t<span class=\"elementor-grid-item\" role=\"listitem\">\n\t\t\t\t\t<a class=\"elementor-icon elementor-social-icon elementor-social-icon-instagram elementor-animation-pop elementor-repeater-item-8144aa8\" href=\"https:\/\/www.instagram.com\/ruralgreenproject\/%20\" target=\"_blank\">\n\t\t\t\t\t\t<span class=\"elementor-screen-only\">Instagram<\/span>\n\t\t\t\t\t\t<svg aria-hidden=\"true\" class=\"e-font-icon-svg e-fab-instagram\" viewbox=\"0 0 448 512\" xmlns=\"http:\/\/www.w3.org\/2000\/svg\"><path d=\"M224.1 141c-63.6 0-114.9 51.3-114.9 114.9s51.3 114.9 114.9 114.9S339 319.5 339 255.9 287.7 141 224.1 141zm0 189.6c-41.1 0-74.7-33.5-74.7-74.7s33.5-74.7 74.7-74.7 74.7 33.5 74.7 74.7-33.6 74.7-74.7 74.7zm146.4-194.3c0 14.9-12 26.8-26.8 26.8-14.9 0-26.8-12-26.8-26.8s12-26.8 26.8-26.8 26.8 12 26.8 26.8zm76.1 27.2c-1.7-35.9-9.9-67.7-36.2-93.9-26.2-26.2-58-34.4-93.9-36.2-37-2.1-147.9-2.1-184.9 0-35.8 1.7-67.6 9.9-93.9 36.1s-34.4 58-36.2 93.9c-2.1 37-2.1 147.9 0 184.9 1.7 35.9 9.9 67.7 36.2 93.9s58 34.4 93.9 36.2c37 2.1 147.9 2.1 184.9 0 35.9-1.7 67.7-9.9 93.9-36.2 26.2-26.2 34.4-58 36.2-93.9 2.1-37 2.1-147.8 0-184.8zM398.8 388c-7.8 19.6-22.9 34.7-42.6 42.6-29.5 11.7-99.5 9-132.1 9s-102.7 2.6-132.1-9c-19.6-7.8-34.7-22.9-42.6-42.6-11.7-29.5-9-99.5-9-132.1s-2.6-102.7 9-132.1c7.8-19.6 22.9-34.7 42.6-42.6 29.5-11.7 99.5-9 132.1-9s102.7-2.6 132.1 9c19.6 7.8 34.7 22.9 42.6 42.6 11.7 29.5 9 99.5 9 132.1s2.7 102.7-9 132.1z\"><\/path><\/svg>\t\t\t\t\t<\/a>\n\t\t\t\t<\/span>\n\t\t\t\t\t<\/div>\n\t\t\t\t\t\t<\/div>\n\t\t\t\t<\/div>\n\t\t\t\t<div class=\"elementor-element elementor-element-7d17b28 elementor-widget elementor-widget-text-editor\" data-id=\"7d17b28\" data-element_type=\"widget\" data-widget_type=\"text-editor.default\">\n\t\t\t\t<div class=\"elementor-widget-container\">\n\t\t\t\t\t\t\t\t\t<p>Da li vam je potrebna pomo\u0107? Kontaktirajte nas!<\/p><p>dragan.milutinovic@raris.org<\/p>\t\t\t\t\t\t\t\t<\/div>\n\t\t\t\t<\/div>\n\t\t\t\t<\/div>\n\t\t\t\t<\/div>\n\t\t\t\t\t<\/div>\n\t\t\t\t<\/div>\n\t\t<div class=\"elementor-element elementor-element-22bf07d e-flex e-con-boxed e-con e-parent\" data-id=\"22bf07d\" data-element_type=\"container\">\n\t\t\t\t\t<div class=\"e-con-inner\">\n\t\t\t\t\t<\/div>\n\t\t\t\t<\/div>\n\t\t\t\t<\/div>","protected":false},"excerpt":{"rendered":"<p>Rural Green \u201cRURAL COMMUNITIES\u2019 ENGAGEMENT BRINGING GREEN SOLUTIONS\u201d The circular economy presents an opportunity for rural regions to overcome the challenges of reversing biodiversity declines and mitigating climate change, while producing sufficient food at the same time. By providing new jobs and income in rural areas, it can also foster economic development. Need assessment implemented [&hellip;]<\/p>","protected":false},"author":1,"featured_media":0,"parent":0,"menu_order":0,"comment_status":"closed","ping_status":"closed","template":"","meta":{"footnotes":""},"class_list":["post-13","page","type-page","status-publish","hentry"],"_links":{"self":[{"href":"https:\/\/rural-green.raris.org\/sr\/wp-json\/wp\/v2\/pages\/13","targetHints":{"allow":["GET"]}}],"collection":[{"href":"https:\/\/rural-green.raris.org\/sr\/wp-json\/wp\/v2\/pages"}],"about":[{"href":"https:\/\/rural-green.raris.org\/sr\/wp-json\/wp\/v2\/types\/page"}],"author":[{"embeddable":true,"href":"https:\/\/rural-green.raris.org\/sr\/wp-json\/wp\/v2\/users\/1"}],"replies":[{"embeddable":true,"href":"https:\/\/rural-green.raris.org\/sr\/wp-json\/wp\/v2\/comments?post=13"}],"version-history":[{"count":119,"href":"https:\/\/rural-green.raris.org\/sr\/wp-json\/wp\/v2\/pages\/13\/revisions"}],"predecessor-version":[{"id":795,"href":"https:\/\/rural-green.raris.org\/sr\/wp-json\/wp\/v2\/pages\/13\/revisions\/795"}],"wp:attachment":[{"href":"https:\/\/rural-green.raris.org\/sr\/wp-json\/wp\/v2\/media?parent=13"}],"curies":[{"name":"wp","href":"https:\/\/api.w.org\/{rel}","templated":true}]}}