{"id":18,"date":"2024-09-03T17:35:52","date_gmt":"2024-09-03T15:35:52","guid":{"rendered":"https:\/\/rural-green.raris.org\/?page_id=18"},"modified":"2024-12-13T13:45:13","modified_gmt":"2024-12-13T11:45:13","slug":"about-project","status":"publish","type":"page","link":"https:\/\/rural-green.raris.org\/sr\/about-project\/","title":{"rendered":"O projektu"},"content":{"rendered":"<div data-elementor-type=\"wp-page\" data-elementor-id=\"18\" class=\"elementor elementor-18\" data-elementor-post-type=\"page\">\n\t\t\t\t<div class=\"elementor-element elementor-element-45dd0fb e-flex e-con-boxed e-con e-parent\" data-id=\"45dd0fb\" data-element_type=\"container\">\n\t\t\t\t\t<div class=\"e-con-inner\">\n\t\t\t\t<div class=\"elementor-element elementor-element-d32d500 elementor-widget elementor-widget-heading\" data-id=\"d32d500\" data-element_type=\"widget\" data-widget_type=\"heading.default\">\n\t\t\t\t<div class=\"elementor-widget-container\">\n\t\t\t\t\t<h2 class=\"elementor-heading-title elementor-size-default\">O projektu<\/h2>\t\t\t\t<\/div>\n\t\t\t\t<\/div>\n\t\t\t\t<div class=\"elementor-element elementor-element-8caf0d2 elementor-widget elementor-widget-text-editor\" data-id=\"8caf0d2\" data-element_type=\"widget\" data-widget_type=\"text-editor.default\">\n\t\t\t\t<div class=\"elementor-widget-container\">\n\t\t\t\t\t\t\t\t\t<p>Cirkularna eknomija je sistem koji \u017eeli da uskladi ekonomski rast sa za\u0161titom \u017eivotne sredine, s obzirom na ograni\u010dene resurse. Time se zatvara krug u kojem gotovo ni\u0161ta nije otpad. Zato se ka\u017ee da je cirkularna ekonomija suprotna dana\u0161njem, linearnom sistemu koji funkcioni\u0161e po modelu \u201euzmi, iskoristi, baci\u201c.<\/p><p>Projekat \u201eAnga\u017eovanje ruralnih zajednica donosi zelena re\u0161enja\u201c (RURALNO \u2013 ZELENO) je izgra\u0111en na rastu\u0107em interesovanju civilnog dru\u0161tva i udru\u017eivanju u razmatranju klimatskim i zelenih pitanja i predlaganju re\u0161enja donosiocima odluka.<\/p><p>Op\u0161ti cilj projekta je podsticanje u\u010de\u0161\u0107a ruralnog stanovni\u0161tva i stvaranje sna\u017enijeg pristupa odozdo prema gore kao i inkluzivnijeg procesa kreiranja politike u ozelenjivanju ruralne ekonomije i br\u017eem prelasku na cirkularnu ekonomiju.\u00a0<\/p><p>Ovakvim pristupom projekat ima za cilj smanjenje negativnog uticaja poslovanja na klimu i \u017eivotnu sredinu kao i na podizanje svesti o ozelenjivanju poslovanja i prednostima primene cirkularne ekonomije u ruralnim podru\u010djima.<\/p><p>\u0160tavi\u0161e, projekat \u0107e pokrenuti diskusiju o politikama EU i raznolikosti uklju\u010denih zemalja, kroz razmenu znanja.<\/p><p>Glavne ciljne grupe projekta su:<\/p><p>- \u017dene koje \u017eive u ruralnim podru\u010djima<\/p><p>- Ostalo ruralno stanovni\u0161tvo<\/p><p>- Lokalni kreatori politike<\/p><p>Specifi\u010dni ciljevi projekta su:<\/p><ol><li>Podi\u0107i svest o zelenim politikama EU, ozelenjivanju ruralne ekonomije i uvo\u0111enju cirkularne ekonomije u ruralnim podru\u010djima.<\/li><li>Stvoriti transnacionalni okvir za inkluzivniji proces kreiranja politike u ozelenjivanju ruralne ekonomije i br\u017eem prelasku na cirkularnu ekonomiju.<\/li><\/ol><p>By presenting concrete examples of how EU policy and co-financed actions focus on benefit of local communities, the project contributes directly to improving rural population&#8217;s understanding about concrete solutions to improve local conditions for economy development, based on sustainable principles and circular economy.<\/p><p>Predstavljanjem konkretnih primera o tome kako se politika EU i sufinansiranje akcija fokusira na dobrobit lokalnih zajednica, projekat direktno doprinosi pobolj\u0161anju razumevanja ruralnog stanovni\u0161tva o konkretnim re\u0161enjima za pobolj\u0161anje lokalnih uslova za razvoj privrede, zasnovanih na odr\u017eivim principima i cirkularnoj ekonomiji.<\/p><p><strong>Rezultati:<\/strong><\/p><ol><li><strong>Kick off konferencija u SRBIJI.<\/strong>Okvirni datum odr\u017eavanja bi\u0107e 18-20.04.2024.<\/li><\/ol><p>Partneri na projektu i korisnici okupi\u0107e se sa ciljem da razgovaraju i prezentuju dostignu\u0107a u zelenoj ekonomiji.<\/p><ol start=\"2\"><li><strong>Kreativni maraton u BUGARSKOJ. <\/strong>Okvirni datum odr\u017eavanja bi\u0107e 19-21.09.2024. Doga\u0111aj \u0107e biti odr\u017ean na engleskom jeziku.<\/li><\/ol><p>Kreativni maraton \u0107e okupiti partnere na projektu i korisnike sa ciljem da naprave prototipe i zajedno izgrade inovativne evropske modele o\u010duvanja \u017eivotne sredine i poslovne modele \u2013 mogu\u0107nosti i prepreke za \u017eene u ruralnim podru\u010djima.<\/p><ol start=\"3\"><li><strong> World Cafe u Hrvatskoj.<\/strong> Okvirni datum odr\u017eavanja bi\u0107e 20-22.02.2025.<\/li><\/ol><p>Tokom World Cafe-a, okupi\u0107e se partneri na projektu i korisnici sa ciljem da ispitaju ulogu lokalnih vlasti u cirkularnoj ekonomiji.<\/p><ol start=\"4\"><li><strong> World Cafe u Sloveniji.<\/strong>Okvirni datum odr\u017eavanja bi\u0107e 12-14.06.2025.<\/li><\/ol><p>Tokom World Cafe-a, partneri na projektu i korisnici fokusira\u0107e se na trenutne EU politike i prakse poslovanja i omogu\u0107i\u0107e se u\u010desnicima da shvate akcije koje mogu da preduzmu kako bi podstakli digitalizaciju, da shvate prednosti digitalizacije i da poja\u010daju interesovanje za cirkularnu ekonomiju.<\/p><ol start=\"5\"><li><strong> World Cafe u BIH.<\/strong> Okvirni datum odr\u017eavanja bi\u0107e 18-20.09.2025.<\/li><\/ol><p>World Cafe sa partnerima na projektu i korisnicima koji \u0107e razgovarati o praksama i mogu\u0107nostima cirkularne ekonomije u turizmu i aktivnostima na prevenciji zaga\u0111ivanja \u017eivotne sredine od strane privrednih subjekata u turizmu.<\/p><ol start=\"6\"><li><strong> Lokalni doga\u0111aji.<\/strong> Nakon svakog me\u0111unarodnog doga\u0111aja, partneri \u0107e organizovati jednodnevnu radionicu kako bi definisali i predlo\u017eili re\u0161enja za ozelenjivanje ruralne privrede i br\u017ei prelazak na cirkularnu ekonomiju u skladu sa lokalnim potrebama. Na svakom lokalnom doga\u0111aju \u0107e se raspravljati i definisati jedan predlog politike. Pored toga, radionica \u0107e omogu\u0107iti razmenu rezultata i iskustava me\u0111unarodnih partnera i dalju diskusiju o pitanjima koja su otvorena tokom me\u0111unarodnih doga\u0111aja. Na lokalnim doga\u0111ajima glavni u\u010desnici bi\u0107e lokalni stejkholderi i ruralno stanovni\u0161tvo uz podr\u0161ku pojedinih stru\u010dnjaka iz susednih zemalja.<\/li><li><strong> Finalna konferencija<\/strong> \u2013 Onlajn konferencija na kojoj \u0107e se sumirati postignuti rezultati projekta, proneti re\u010di o modelu zelene i cirkularne ekonomije i dalje predstaviti pravilnici kreirani kroz projekat koji se bave u\u010de\u0161\u0107em gra\u0111ana (posebno \u017eena iz ruralnih podru\u010dja) u kreiranju politika<\/li><\/ol><p>Trajanje projekta: 24 meseca<\/p><p>Bud\u017eet: 116.130 \u20ac sufinansirano od strane EU<\/p><p>5 zemalja (Srbija, Bosna i Hercegovina, Bugarska, Hrvatska, Slovenija)<\/p><p>5 partnera:<\/p><ul><li>RARIS-REGIONALNA AGENCIJA ZA RAZVOJ ISTO\u010cNE SRBIJE, ZAJECAR<\/li><li>CENTAR ZA EKONOMSKI I RURALNI RAZVOJ<\/li><li>VIDIN CHAMBER OF COMMERCE AND INDUSTRY<\/li><li>CENTAR KOMPETENCIJA ZA NAPREDNO IN\u017dENJERSTVO, NOVA GRADI\u0160KA<\/li><li>RAZVOJNA AGENCIJA SAVINJSKO-\u0160ALE\u0160KE REGIJE<\/li><\/ul>\t\t\t\t\t\t\t\t<\/div>\n\t\t\t\t<\/div>\n\t\t\t\t\t<\/div>\n\t\t\t\t<\/div>\n\t\t\t\t<\/div>","protected":false},"excerpt":{"rendered":"<p>The circular economy is a system that wants to reconcile economic growth with environmental protection, given the limited resources. This closes the circle in which almost nothing is waste. That is why it is said that the circular economy is the opposite of today&#8217;s, linear system that functions according to the &#8220;take it, use it, [&hellip;]<\/p>","protected":false},"author":1,"featured_media":0,"parent":0,"menu_order":0,"comment_status":"closed","ping_status":"closed","template":"","meta":{"footnotes":""},"class_list":["post-18","page","type-page","status-publish","hentry"],"_links":{"self":[{"href":"https:\/\/rural-green.raris.org\/sr\/wp-json\/wp\/v2\/pages\/18","targetHints":{"allow":["GET"]}}],"collection":[{"href":"https:\/\/rural-green.raris.org\/sr\/wp-json\/wp\/v2\/pages"}],"about":[{"href":"https:\/\/rural-green.raris.org\/sr\/wp-json\/wp\/v2\/types\/page"}],"author":[{"embeddable":true,"href":"https:\/\/rural-green.raris.org\/sr\/wp-json\/wp\/v2\/users\/1"}],"replies":[{"embeddable":true,"href":"https:\/\/rural-green.raris.org\/sr\/wp-json\/wp\/v2\/comments?post=18"}],"version-history":[{"count":19,"href":"https:\/\/rural-green.raris.org\/sr\/wp-json\/wp\/v2\/pages\/18\/revisions"}],"predecessor-version":[{"id":386,"href":"https:\/\/rural-green.raris.org\/sr\/wp-json\/wp\/v2\/pages\/18\/revisions\/386"}],"wp:attachment":[{"href":"https:\/\/rural-green.raris.org\/sr\/wp-json\/wp\/v2\/media?parent=18"}],"curies":[{"name":"wp","href":"https:\/\/api.w.org\/{rel}","templated":true}]}}